{"id":1641,"date":"2025-03-15T18:49:32","date_gmt":"2025-03-15T18:49:32","guid":{"rendered":"https:\/\/mariagoudet.com\/?page_id=1641"},"modified":"2025-12-15T20:23:21","modified_gmt":"2025-12-15T20:23:21","slug":"services","status":"publish","type":"page","link":"https:\/\/mariagoudet.com\/es\/services\/","title":{"rendered":"Servicios"},"content":{"rendered":"<div data-elementor-type=\"wp-page\" data-elementor-id=\"1641\" class=\"elementor elementor-1641\" data-elementor-post-type=\"page\">\n\t\t\t\t<div class=\"elementor-element elementor-element-2ef9cda e-con-full e-flex jltma-glass-effect-no e-con e-parent\" data-id=\"2ef9cda\" data-element_type=\"container\" data-e-type=\"container\" data-settings=\"{&quot;background_background&quot;:&quot;classic&quot;}\">\n\t\t\t\t<div class=\"elementor-element elementor-element-ce06455 jltma-glass-effect-no elementor-widget elementor-widget-heading\" data-id=\"ce06455\" data-element_type=\"widget\" data-e-type=\"widget\" data-widget_type=\"heading.default\">\n\t\t\t\t<div class=\"elementor-widget-container\">\n\t\t\t\t\t<h2 class=\"elementor-heading-title elementor-size-default\">Servicios para tu marca<\/h2>\t\t\t\t<\/div>\n\t\t\t\t<\/div>\n\t\t\t\t<\/div>\n\t\t<div class=\"elementor-element elementor-element-647b5e5 e-flex e-con-boxed jltma-glass-effect-no e-con e-parent\" data-id=\"647b5e5\" data-element_type=\"container\" data-e-type=\"container\" data-settings=\"{&quot;background_background&quot;:&quot;classic&quot;}\">\n\t\t\t\t\t<div class=\"e-con-inner\">\n\t\t<div class=\"elementor-element elementor-element-a5327f7 e-con-full e-flex jltma-glass-effect-no e-con e-child\" data-id=\"a5327f7\" data-element_type=\"container\" data-e-type=\"container\" data-settings=\"{&quot;background_background&quot;:&quot;classic&quot;}\">\n\t\t\t\t<div class=\"elementor-element elementor-element-3f5329f jltma-glass-effect-no elementor-widget elementor-widget-heading\" data-id=\"3f5329f\" data-element_type=\"widget\" data-e-type=\"widget\" data-widget_type=\"heading.default\">\n\t\t\t\t<div class=\"elementor-widget-container\">\n\t\t\t\t\t<h2 class=\"elementor-heading-title elementor-size-default\">Dise\u00f1o web<\/h2>\t\t\t\t<\/div>\n\t\t\t\t<\/div>\n\t\t\t\t<div class=\"elementor-element elementor-element-f37b06d jltma-glass-effect-no elementor-widget elementor-widget-text-editor\" data-id=\"f37b06d\" data-element_type=\"widget\" data-e-type=\"widget\" data-widget_type=\"text-editor.default\">\n\t\t\t\t<div class=\"elementor-widget-container\">\n\t\t\t\t\t\t\t\t\t<p data-start=\"1936\" data-end=\"2055\">Dise\u00f1o sitios web modernos y humanos. F\u00e1ciles de recorrer,<br data-start=\"2004\" data-end=\"2007\" \/>f\u00e1ciles de entender y alineados con la voz real de tu marca.<\/p><p data-start=\"2057\" data-end=\"2152\">Tu web deja de ser solo una p\u00e1gina para convertirse en una herramienta de venta silenciosa, trabajando por ti las 24 horas.<\/p>\t\t\t\t\t\t\t\t<\/div>\n\t\t\t\t<\/div>\n\t\t\t\t<div class=\"elementor-element elementor-element-67199d5 jltma-glass-effect-no elementor-widget elementor-widget-image\" data-id=\"67199d5\" data-element_type=\"widget\" data-e-type=\"widget\" data-settings=\"{&quot;motion_fx_motion_fx_mouse&quot;:&quot;yes&quot;,&quot;motion_fx_tilt_effect&quot;:&quot;yes&quot;,&quot;motion_fx_tilt_direction&quot;:&quot;negative&quot;,&quot;motion_fx_tilt_speed&quot;:{&quot;unit&quot;:&quot;px&quot;,&quot;size&quot;:4.5,&quot;sizes&quot;:[]}}\" data-widget_type=\"image.default\">\n\t\t\t\t<div class=\"elementor-widget-container\">\n\t\t\t\t\t\t\t\t\t\t\t\t\t\t\t<img fetchpriority=\"high\" decoding=\"async\" width=\"757\" height=\"490\" src=\"https:\/\/mariagoudet.com\/wp-content\/uploads\/2025\/11\/webdesign.png\" class=\"attachment-large size-large wp-image-1938\" alt=\"\" srcset=\"https:\/\/mariagoudet.com\/wp-content\/uploads\/2025\/11\/webdesign.png 757w, https:\/\/mariagoudet.com\/wp-content\/uploads\/2025\/11\/webdesign-300x194.png 300w, https:\/\/mariagoudet.com\/wp-content\/uploads\/2025\/11\/webdesign-18x12.png 18w\" sizes=\"(max-width: 757px) 100vw, 757px\" \/>\t\t\t\t\t\t\t\t\t\t\t\t\t\t\t<\/div>\n\t\t\t\t<\/div>\n\t\t\t\t<\/div>\n\t\t<div class=\"elementor-element elementor-element-9433c00 e-con-full e-flex jltma-glass-effect-no e-con e-child\" data-id=\"9433c00\" data-element_type=\"container\" data-e-type=\"container\" data-settings=\"{&quot;background_background&quot;:&quot;classic&quot;}\">\n\t\t\t\t<div class=\"elementor-element elementor-element-a5cfa0a jltma-glass-effect-no elementor-widget elementor-widget-heading\" data-id=\"a5cfa0a\" data-element_type=\"widget\" data-e-type=\"widget\" data-widget_type=\"heading.default\">\n\t\t\t\t<div class=\"elementor-widget-container\">\n\t\t\t\t\t<h2 class=\"elementor-heading-title elementor-size-default\">Desarrollo web<\/h2>\t\t\t\t<\/div>\n\t\t\t\t<\/div>\n\t\t\t\t<div class=\"elementor-element elementor-element-b14bc70 jltma-glass-effect-no elementor-widget elementor-widget-text-editor\" data-id=\"b14bc70\" data-element_type=\"widget\" data-e-type=\"widget\" data-widget_type=\"text-editor.default\">\n\t\t\t\t<div class=\"elementor-widget-container\">\n\t\t\t\t\t\t\t\t\t<p data-start=\"2182\" data-end=\"2335\">Webs r\u00e1pidas, seguras y responsive, construidas en WordPress, Framer o Webflow.<br data-start=\"2252\" data-end=\"2255\" \/>Recibir\u00e1s un sitio limpio, ligero, f\u00e1cil de gestionar y preparado para durar.<\/p><p data-start=\"2337\" data-end=\"2400\">Sin dependencias innecesarias. Sin caos. Solo una web que cumple su funci\u00f3n.<\/p>\t\t\t\t\t\t\t\t<\/div>\n\t\t\t\t<\/div>\n\t\t\t\t<div class=\"elementor-element elementor-element-45d09ea jltma-glass-effect-no elementor-widget elementor-widget-image\" data-id=\"45d09ea\" data-element_type=\"widget\" data-e-type=\"widget\" data-widget_type=\"image.default\">\n\t\t\t\t<div class=\"elementor-widget-container\">\n\t\t\t\t\t\t\t\t\t\t\t\t\t\t\t<img decoding=\"async\" width=\"695\" height=\"413\" src=\"https:\/\/mariagoudet.com\/wp-content\/uploads\/2025\/11\/110ec7_33efa92c88bf42fba0ae18d85fb6ba6amv2-ezgif.com-optimize.gif\" class=\"attachment-large size-large wp-image-1941\" alt=\"\" \/>\t\t\t\t\t\t\t\t\t\t\t\t\t\t\t<\/div>\n\t\t\t\t<\/div>\n\t\t\t\t<\/div>\n\t\t<div class=\"elementor-element elementor-element-08d803f e-con-full e-flex jltma-glass-effect-no e-con e-child\" data-id=\"08d803f\" data-element_type=\"container\" data-e-type=\"container\" data-settings=\"{&quot;background_background&quot;:&quot;classic&quot;}\">\n\t\t\t\t<div class=\"elementor-element elementor-element-a7cd9fd jltma-glass-effect-no elementor-widget elementor-widget-heading\" data-id=\"a7cd9fd\" data-element_type=\"widget\" data-e-type=\"widget\" data-widget_type=\"heading.default\">\n\t\t\t\t<div class=\"elementor-widget-container\">\n\t\t\t\t\t<h2 class=\"elementor-heading-title elementor-size-default\">Experiencia de usuario<\/h2>\t\t\t\t<\/div>\n\t\t\t\t<\/div>\n\t\t\t\t<div class=\"elementor-element elementor-element-51209ff jltma-glass-effect-no elementor-widget elementor-widget-text-editor\" data-id=\"51209ff\" data-element_type=\"widget\" data-e-type=\"widget\" data-widget_type=\"text-editor.default\">\n\t\t\t\t<div class=\"elementor-widget-container\">\n\t\t\t\t\t\t\t\t\t<p data-start=\"2430\" data-end=\"2551\">Todo empieza con una conversaci\u00f3n breve para entender tus objetivos, tu p\u00fablico y qu\u00e9 significa realmente el \u00e9xito para tu negocio.<\/p><p data-start=\"2553\" data-end=\"2625\">A partir de ah\u00ed, avanzamos con criterio: investigaci\u00f3n, prototipos, ajustes y lanzamiento.<\/p>\t\t\t\t\t\t\t\t<\/div>\n\t\t\t\t<\/div>\n\t\t\t\t<div class=\"elementor-element elementor-element-f3d20a0 jltma-glass-effect-no elementor-widget elementor-widget-image\" data-id=\"f3d20a0\" data-element_type=\"widget\" data-e-type=\"widget\" data-widget_type=\"image.default\">\n\t\t\t\t<div class=\"elementor-widget-container\">\n\t\t\t\t\t\t\t\t\t\t\t\t\t\t\t<img decoding=\"async\" width=\"1024\" height=\"895\" src=\"https:\/\/mariagoudet.com\/wp-content\/uploads\/2025\/11\/79e6b1224462745.682cbc6a7ea3a-1024x895.webp\" class=\"attachment-large size-large wp-image-1943\" alt=\"\" srcset=\"https:\/\/mariagoudet.com\/wp-content\/uploads\/2025\/11\/79e6b1224462745.682cbc6a7ea3a-1024x895.webp 1024w, https:\/\/mariagoudet.com\/wp-content\/uploads\/2025\/11\/79e6b1224462745.682cbc6a7ea3a-300x262.webp 300w, https:\/\/mariagoudet.com\/wp-content\/uploads\/2025\/11\/79e6b1224462745.682cbc6a7ea3a-768x671.webp 768w, https:\/\/mariagoudet.com\/wp-content\/uploads\/2025\/11\/79e6b1224462745.682cbc6a7ea3a-14x12.webp 14w, https:\/\/mariagoudet.com\/wp-content\/uploads\/2025\/11\/79e6b1224462745.682cbc6a7ea3a.webp 1400w\" sizes=\"(max-width: 1024px) 100vw, 1024px\" \/>\t\t\t\t\t\t\t\t\t\t\t\t\t\t\t<\/div>\n\t\t\t\t<\/div>\n\t\t\t\t<\/div>\n\t\t\t\t\t<\/div>\n\t\t\t\t<\/div>\n\t\t<div class=\"elementor-element elementor-element-cfd5573 e-flex e-con-boxed jltma-glass-effect-no e-con e-parent\" data-id=\"cfd5573\" data-element_type=\"container\" data-e-type=\"container\" data-settings=\"{&quot;background_background&quot;:&quot;classic&quot;}\">\n\t\t\t\t\t<div class=\"e-con-inner\">\n\t\t\t\t<div class=\"elementor-element elementor-element-41af04d jltma-glass-effect-no elementor-widget elementor-widget-heading\" data-id=\"41af04d\" data-element_type=\"widget\" data-e-type=\"widget\" data-widget_type=\"heading.default\">\n\t\t\t\t<div class=\"elementor-widget-container\">\n\t\t\t\t\t<h2 class=\"elementor-heading-title elementor-size-default\">Tu web en 3 pasos<\/h2>\t\t\t\t<\/div>\n\t\t\t\t<\/div>\n\t\t\t\t\t<\/div>\n\t\t\t\t<\/div>\n\t\t<div class=\"elementor-element elementor-element-f8dc16a e-flex e-con-boxed jltma-glass-effect-no e-con e-parent\" data-id=\"f8dc16a\" data-element_type=\"container\" data-e-type=\"container\" data-settings=\"{&quot;background_background&quot;:&quot;classic&quot;}\">\n\t\t\t\t\t<div class=\"e-con-inner\">\n\t\t<div class=\"elementor-element elementor-element-85f62d2 e-con-full e-flex jltma-glass-effect-no e-con e-child\" data-id=\"85f62d2\" data-element_type=\"container\" data-e-type=\"container\" data-settings=\"{&quot;background_background&quot;:&quot;classic&quot;}\">\n\t\t\t\t<div class=\"elementor-element elementor-element-9ae95ab jltma-glass-effect-no elementor-widget elementor-widget-heading\" data-id=\"9ae95ab\" data-element_type=\"widget\" data-e-type=\"widget\" data-widget_type=\"heading.default\">\n\t\t\t\t<div class=\"elementor-widget-container\">\n\t\t\t\t\t<h2 class=\"elementor-heading-title elementor-size-default\">1.<\/h2>\t\t\t\t<\/div>\n\t\t\t\t<\/div>\n\t\t\t\t<div class=\"elementor-element elementor-element-0fcefae jltma-glass-effect-no elementor-widget elementor-widget-heading\" data-id=\"0fcefae\" data-element_type=\"widget\" data-e-type=\"widget\" data-widget_type=\"heading.default\">\n\t\t\t\t<div class=\"elementor-widget-container\">\n\t\t\t\t\t<h2 class=\"elementor-heading-title elementor-size-default\">Conecta conmigo<\/h2>\t\t\t\t<\/div>\n\t\t\t\t<\/div>\n\t\t\t\t<div class=\"elementor-element elementor-element-2e236f4 jltma-glass-effect-no elementor-widget elementor-widget-text-editor\" data-id=\"2e236f4\" data-element_type=\"widget\" data-e-type=\"widget\" data-widget_type=\"text-editor.default\">\n\t\t\t\t<div class=\"elementor-widget-container\">\n\t\t\t\t\t\t\t\t\t<p data-start=\"1936\" data-end=\"2055\">Comenzamos con una charla para entender tus objetivos y con qu\u00e9 est\u00e1s trabajando en este momento.\u00a0<\/p>\t\t\t\t\t\t\t\t<\/div>\n\t\t\t\t<\/div>\n\t\t\t\t<div class=\"elementor-element elementor-element-2146713 elementor-align-left jltma-glass-effect-no elementor-widget elementor-widget-button\" data-id=\"2146713\" data-element_type=\"widget\" data-e-type=\"widget\" data-widget_type=\"button.default\">\n\t\t\t\t<div class=\"elementor-widget-container\">\n\t\t\t\t\t\t\t\t\t<div class=\"elementor-button-wrapper\">\n\t\t\t\t\t<a class=\"elementor-button elementor-button-link elementor-size-sm\" href=\"https:\/\/mariagoudet.com\/es\/contact\/\">\n\t\t\t\t\t\t<span class=\"elementor-button-content-wrapper\">\n\t\t\t\t\t\t<span class=\"elementor-button-icon\">\n\t\t\t\t<i aria-hidden=\"true\" class=\"fas fa-arrow-right\"><\/i>\t\t\t<\/span>\n\t\t\t\t\t\t\t\t\t<span class=\"elementor-button-text\">Empieza aqu\u00ed<\/span>\n\t\t\t\t\t<\/span>\n\t\t\t\t\t<\/a>\n\t\t\t\t<\/div>\n\t\t\t\t\t\t\t\t<\/div>\n\t\t\t\t<\/div>\n\t\t\t\t<\/div>\n\t\t<div class=\"elementor-element elementor-element-5fb390f e-con-full e-flex jltma-glass-effect-no e-con e-child\" data-id=\"5fb390f\" data-element_type=\"container\" data-e-type=\"container\" data-settings=\"{&quot;background_background&quot;:&quot;classic&quot;}\">\n\t\t\t\t<div class=\"elementor-element elementor-element-c81e645 jltma-glass-effect-no elementor-widget elementor-widget-heading\" data-id=\"c81e645\" data-element_type=\"widget\" data-e-type=\"widget\" data-widget_type=\"heading.default\">\n\t\t\t\t<div class=\"elementor-widget-container\">\n\t\t\t\t\t<h2 class=\"elementor-heading-title elementor-size-default\">2.<\/h2>\t\t\t\t<\/div>\n\t\t\t\t<\/div>\n\t\t\t\t<div class=\"elementor-element elementor-element-c5a3d98 jltma-glass-effect-no elementor-widget elementor-widget-heading\" data-id=\"c5a3d98\" data-element_type=\"widget\" data-e-type=\"widget\" data-widget_type=\"heading.default\">\n\t\t\t\t<div class=\"elementor-widget-container\">\n\t\t\t\t\t<h2 class=\"elementor-heading-title elementor-size-default\">Dise\u00f1o y construcci\u00f3n<\/h2>\t\t\t\t<\/div>\n\t\t\t\t<\/div>\n\t\t\t\t<div class=\"elementor-element elementor-element-ab93106 jltma-glass-effect-no elementor-widget elementor-widget-text-editor\" data-id=\"ab93106\" data-element_type=\"widget\" data-e-type=\"widget\" data-widget_type=\"text-editor.default\">\n\t\t\t\t<div class=\"elementor-widget-container\">\n\t\t\t\t\t\t\t\t\t<p data-start=\"2182\" data-end=\"2335\">Desde la estrategia y la configuraci\u00f3n hasta lo visual, creamos un sitio web o una aplicaci\u00f3n claros y r\u00e1pidos, adaptados a su marca y sus necesidades.<\/p>\t\t\t\t\t\t\t\t<\/div>\n\t\t\t\t<\/div>\n\t\t\t\t<\/div>\n\t\t<div class=\"elementor-element elementor-element-ced392f e-con-full e-flex jltma-glass-effect-no e-con e-child\" data-id=\"ced392f\" data-element_type=\"container\" data-e-type=\"container\" data-settings=\"{&quot;background_background&quot;:&quot;classic&quot;}\">\n\t\t\t\t<div class=\"elementor-element elementor-element-87067af jltma-glass-effect-no elementor-widget elementor-widget-heading\" data-id=\"87067af\" data-element_type=\"widget\" data-e-type=\"widget\" data-widget_type=\"heading.default\">\n\t\t\t\t<div class=\"elementor-widget-container\">\n\t\t\t\t\t<h2 class=\"elementor-heading-title elementor-size-default\">3.<\/h2>\t\t\t\t<\/div>\n\t\t\t\t<\/div>\n\t\t\t\t<div class=\"elementor-element elementor-element-620c8f6 jltma-glass-effect-no elementor-widget elementor-widget-heading\" data-id=\"620c8f6\" data-element_type=\"widget\" data-e-type=\"widget\" data-widget_type=\"heading.default\">\n\t\t\t\t<div class=\"elementor-widget-container\">\n\t\t\t\t\t<h2 class=\"elementor-heading-title elementor-size-default\">Publicaci\u00f3n y soporte<\/h2>\t\t\t\t<\/div>\n\t\t\t\t<\/div>\n\t\t\t\t<div class=\"elementor-element elementor-element-e515ce9 jltma-glass-effect-no elementor-widget elementor-widget-text-editor\" data-id=\"e515ce9\" data-element_type=\"widget\" data-e-type=\"widget\" data-widget_type=\"text-editor.default\">\n\t\t\t\t<div class=\"elementor-widget-container\">\n\t\t\t\t\t\t\t\t\t<p data-start=\"2430\" data-end=\"2551\">Publicamos juntos.<br data-start=\"750\" data-end=\"753\" \/>Me aseguro de que todo funcione sin problemas y me quedo disponible si necesitas ayuda despu\u00e9s.<\/p>\t\t\t\t\t\t\t\t<\/div>\n\t\t\t\t<\/div>\n\t\t\t\t<\/div>\n\t\t\t\t\t<\/div>\n\t\t\t\t<\/div>\n\t\t\t\t<\/div>","protected":false},"excerpt":{"rendered":"<p>Services for your brand Web Design I design modern, human websites,\u00a0 simple to navigate, easy to trust,and shaped to reflect your brand\u2019s real voice. Your&#8230;<\/p>\n<div class=\"more-link-wrapper\"><a class=\"more-link\" href=\"https:\/\/mariagoudet.com\/es\/services\/\">Seguir leyendo<span class=\"screen-reader-text\">Servicios<\/span><\/a><\/div>","protected":false},"author":1,"featured_media":0,"parent":0,"menu_order":0,"comment_status":"closed","ping_status":"closed","template":"elementor_header_footer","meta":{"footnotes":""},"class_list":["post-1641","page","type-page","status-publish","hentry","entry"],"_links":{"self":[{"href":"https:\/\/mariagoudet.com\/es\/wp-json\/wp\/v2\/pages\/1641","targetHints":{"allow":["GET"]}}],"collection":[{"href":"https:\/\/mariagoudet.com\/es\/wp-json\/wp\/v2\/pages"}],"about":[{"href":"https:\/\/mariagoudet.com\/es\/wp-json\/wp\/v2\/types\/page"}],"author":[{"embeddable":true,"href":"https:\/\/mariagoudet.com\/es\/wp-json\/wp\/v2\/users\/1"}],"replies":[{"embeddable":true,"href":"https:\/\/mariagoudet.com\/es\/wp-json\/wp\/v2\/comments?post=1641"}],"version-history":[{"count":34,"href":"https:\/\/mariagoudet.com\/es\/wp-json\/wp\/v2\/pages\/1641\/revisions"}],"predecessor-version":[{"id":2094,"href":"https:\/\/mariagoudet.com\/es\/wp-json\/wp\/v2\/pages\/1641\/revisions\/2094"}],"wp:attachment":[{"href":"https:\/\/mariagoudet.com\/es\/wp-json\/wp\/v2\/media?parent=1641"}],"curies":[{"name":"wp","href":"https:\/\/api.w.org\/{rel}","templated":true}]}}